{"id":337,"date":"2022-09-04T12:16:19","date_gmt":"2022-09-04T12:16:19","guid":{"rendered":"https:\/\/prometbilisim.com\/_erp\/?page_id=337"},"modified":"2022-10-14T09:37:20","modified_gmt":"2022-10-14T09:37:20","slug":"bayi-basvuru-formu","status":"publish","type":"page","link":"https:\/\/prometbilisim.com\/_erp\/bayi-basvuru-formu\/","title":{"rendered":"Bayi Ba\u015fvuru Formu"},"content":{"rendered":"<p>[vc_row video_bg=&#8221;yes&#8221; video_bg_url=&#8221;https:\/\/prometbilisim.com\/_erp\/wp-content\/uploads\/2022\/08\/Promet-ERP-BG-Video.mp4&#8243; wrap_container=&#8221;yes&#8221; no_padding=&#8221;yes&#8221; text_align=&#8221;center&#8221; el_id=&#8221;intro&#8221; el_class=&#8221;curved-border background-color-primary justify-content-center&#8221; css=&#8221;.vc_custom_1662638952241{padding-top: 200px !important;padding-bottom: 100px !important;}&#8221;][vc_column width=&#8221;7\/12&#8243; el_class=&#8221;position-static&#8221;]<div class=\"porto-u-heading  wpb_custom_95aa9a11c17ad45cfabaf210d84ee7cc\" data-hspacer=\"no_spacer\" data-halign=\"center\" style=\"text-align:center\" data-appear-animation=\"fadeInUp\"><div class=\"porto-u-main-heading\"><h1   style=\"font-weight:900;color:#ffffff;margin-bottom: 32px;font-size:49px;line-height:58px;\">ProMeta ile kaynaklar\u0131n\u0131z\u0131 tek noktadan y\u00f6netin!<\/h1><\/div><\/div>[\/vc_column][\/vc_row][vc_row wrap_container=&#8221;yes&#8221; css=&#8221;.vc_custom_1662639010499{margin-top: 120px !important;padding-right: 120px !important;padding-bottom: 40px !important;padding-left: 120px !important;}&#8221;][vc_column][vc_custom_heading text=&#8221;Bayi Ba\u015fvuru Formu&#8221; font_container=&#8221;tag:h2|font_size:35|text_align:center|color:%23666666|line_height:44px&#8221; use_theme_fonts=&#8221;yes&#8221; font_weight=&#8221;700&#8243; animation_delay=&#8221;200&#8243; el_class=&#8221;mb-3&#8243; animation_type=&#8221;fadeInUp&#8221;]<div role=\"form\" class=\"wpcf7\" id=\"wpcf7-f316-o1\" lang=\"tr-TR\" dir=\"ltr\">\n<div class=\"screen-reader-response\"><p role=\"status\" aria-live=\"polite\" aria-atomic=\"true\"><\/p> <ul><\/ul><\/div>\n<form action=\"\/_erp\/wp-json\/wp\/v2\/pages\/337#wpcf7-f316-o1\" method=\"post\" class=\"wpcf7-form init\" novalidate=\"novalidate\" data-status=\"init\">\n<div style=\"display: none;\">\n<input type=\"hidden\" name=\"_wpcf7\" value=\"316\" \/>\n<input type=\"hidden\" name=\"_wpcf7_version\" value=\"5.6.2\" \/>\n<input type=\"hidden\" name=\"_wpcf7_locale\" value=\"tr_TR\" \/>\n<input type=\"hidden\" name=\"_wpcf7_unit_tag\" value=\"wpcf7-f316-o1\" \/>\n<input type=\"hidden\" name=\"_wpcf7_container_post\" value=\"0\" \/>\n<input type=\"hidden\" name=\"_wpcf7_posted_data_hash\" value=\"\" \/>\n<input type=\"hidden\" name=\"_wpcf7_recaptcha_response\" value=\"\" \/>\n<\/div>\n<div class=\"row\">\n<div class=\"col-md-12\"><label>Ticari \u00dcnvan<\/label><span class=\"wpcf7-form-control-wrap\" data-name=\"ticari-unvan\"><input type=\"text\" name=\"ticari-unvan\" value=\"\" size=\"40\" class=\"wpcf7-form-control wpcf7-text wpcf7-validates-as-required\" aria-required=\"true\" aria-invalid=\"false\" placeholder=\"Ticari \u00dcnvan...\" \/><\/span><\/div>\n<div class=\"col-md-6\"><label>Vergi Dairesi<\/label><span class=\"wpcf7-form-control-wrap\" data-name=\"vergi-dairesi\"><input type=\"text\" name=\"vergi-dairesi\" value=\"\" size=\"40\" class=\"wpcf7-form-control wpcf7-text wpcf7-validates-as-required\" aria-required=\"true\" aria-invalid=\"false\" placeholder=\"Vergi Dairesi...\" \/><\/span><\/div>\n<div class=\"col-md-6\"><label>Vergi No<\/label><span class=\"wpcf7-form-control-wrap\" data-name=\"vergi-no\"><input type=\"text\" name=\"vergi-no\" value=\"\" size=\"40\" class=\"wpcf7-form-control wpcf7-text wpcf7-validates-as-required\" aria-required=\"true\" aria-invalid=\"false\" placeholder=\"Vergi No...\" \/><\/span><\/div>\n<div class=\"col-md-12\"><label>Firma Yetkilisi - Ad Soyad<\/label><span class=\"wpcf7-form-control-wrap\" data-name=\"ad-soyad\"><input type=\"text\" name=\"ad-soyad\" value=\"\" size=\"40\" class=\"wpcf7-form-control wpcf7-text wpcf7-validates-as-required\" aria-required=\"true\" aria-invalid=\"false\" placeholder=\"Firma Yetkilisi - Ad Soyad *\" \/><\/span><\/div>\n<div class=\"col-md-6\"><label>G\u00f6revi<\/label><span class=\"wpcf7-form-control-wrap\" data-name=\"gorevi\"><input type=\"text\" name=\"gorevi\" value=\"\" size=\"40\" class=\"wpcf7-form-control wpcf7-text wpcf7-validates-as-required\" aria-required=\"true\" aria-invalid=\"false\" placeholder=\"G\u00f6revi...\" \/><\/span><\/div>\n<div class=\"col-md-6\"><label>Telefon No<\/label><span class=\"wpcf7-form-control-wrap\" data-name=\"telefon-no\"><input type=\"text\" name=\"telefon-no\" value=\"\" size=\"40\" class=\"wpcf7-form-control wpcf7-text wpcf7-validates-as-required\" aria-required=\"true\" aria-invalid=\"false\" placeholder=\"Telefon No...\" \/><\/span><\/div>\n<div class=\"col-md-12\"><label>Adres<\/label><span class=\"wpcf7-form-control-wrap\" data-name=\"adres\"><textarea name=\"adres\" cols=\"40\" rows=\"10\" class=\"wpcf7-form-control wpcf7-textarea wpcf7-validates-as-required\" aria-required=\"true\" aria-invalid=\"false\" placeholder=\"Adres...\"><\/textarea><\/span><\/div>\n<div class=\"col-md-6\"><label>\u0130l<\/label><span class=\"wpcf7-form-control-wrap\" data-name=\"il\"><input type=\"text\" name=\"il\" value=\"\" size=\"40\" class=\"wpcf7-form-control wpcf7-text wpcf7-validates-as-required\" aria-required=\"true\" aria-invalid=\"false\" placeholder=\"\u0130l...\" \/><\/span><\/div>\n<div class=\"col-md-6\"><label>\u0130l\u00e7e<\/label><span class=\"wpcf7-form-control-wrap\" data-name=\"ilce\"><input type=\"text\" name=\"ilce\" value=\"\" size=\"40\" class=\"wpcf7-form-control wpcf7-text\" aria-invalid=\"false\" placeholder=\"\u0130l\u00e7e...\" \/><\/span><\/div>\n<div class=\"col-md-6\"><label>Firma Telefon<\/label><span class=\"wpcf7-form-control-wrap\" data-name=\"firma-telefon\"><input type=\"text\" name=\"firma-telefon\" value=\"\" size=\"40\" class=\"wpcf7-form-control wpcf7-text wpcf7-validates-as-required\" aria-required=\"true\" aria-invalid=\"false\" placeholder=\"Firma Telefon...\" \/><\/span><\/div>\n<div class=\"col-md-6\"><label>E-Posta<\/label><span class=\"wpcf7-form-control-wrap\" data-name=\"e-posta\"><input type=\"email\" name=\"e-posta\" value=\"\" size=\"40\" class=\"wpcf7-form-control wpcf7-text wpcf7-email wpcf7-validates-as-required wpcf7-validates-as-email\" aria-required=\"true\" aria-invalid=\"false\" placeholder=\"E-Posta...\" \/><\/span><\/div>\n<div class=\"col-md-12\"><label><span class=\"wpcf7-form-control-wrap\" data-name=\"gp\"><span class=\"wpcf7-form-control wpcf7-acceptance\"><span class=\"wpcf7-list-item\"><label><input type=\"checkbox\" name=\"gp\" value=\"1\" aria-invalid=\"false\" \/><span class=\"wpcf7-list-item-label\"><a href=\"\/bilgi-guvenligi-politikasi\/\"> Bilgi G\u00fcvenli\u011fi Politikas\u0131<\/a>'n\u0131 okudum, kabul ediyorum. *<\/span><\/label><\/span><\/span><\/span><\/label><label><span class=\"wpcf7-form-control-wrap\" data-name=\"kvkk\"><span class=\"wpcf7-form-control wpcf7-acceptance\"><span class=\"wpcf7-list-item\"><label><input type=\"checkbox\" name=\"kvkk\" value=\"1\" aria-invalid=\"false\" \/><span class=\"wpcf7-list-item-label\"><a href='\/cerez-aydinlatma-metni\/' target='_blank'>\u00c7erez Ayd\u0131nlatma Metni<\/a>'ni okudum, kabul ediyorum. *<\/span><\/label><\/span><\/span><\/span><\/label><br \/>\n<span class=\"wpcf7-form-control-wrap\" data-name=\"checkbox-974\"><span class=\"wpcf7-form-control wpcf7-checkbox\"><\/span><\/span><\/div>\n<\/div>\n<div style=\"margin: 0px 0px 10px 0px;\">\n<span class=\"wpcf7-form-control-wrap recaptcha\" data-name=\"recaptcha\"><span data-sitekey=\"6LcRFOIhAAAAALYT-KnZuVxKKtdcT90zBUY29HS_\" class=\"wpcf7-form-control g-recaptcha wpcf7-recaptcha\"><\/span>\r\n<noscript>\r\n\t<div class=\"grecaptcha-noscript\">\r\n\t\t<iframe loading=\"lazy\" src=\"https:\/\/www.google.com\/recaptcha\/api\/fallback?k=6LcRFOIhAAAAALYT-KnZuVxKKtdcT90zBUY29HS_\" frameborder=\"0\" scrolling=\"no\" width=\"310\" height=\"430\">\r\n\t\t<\/iframe>\r\n\t\t<textarea name=\"g-recaptcha-response\" rows=\"3\" cols=\"40\" placeholder=\"reCaptcha Response Here\">\r\n\t\t<\/textarea>\r\n\t<\/div>\r\n<\/noscript>\r\n<\/span>\n<\/div>\n<div class=\"row\">\n<div class=\"col-md-12\"><input type=\"submit\" value=\"G\u00f6nder\" class=\"wpcf7-form-control has-spinner wpcf7-submit\" \/><\/div>\n<\/div>\n<div class=\"wpcf7-response-output\" aria-hidden=\"true\"><\/div><\/form><\/div>[\/vc_column][\/vc_row]<\/p>\n","protected":false},"excerpt":{"rendered":"<p>[vc_row video_bg=&#8221;yes&#8221; video_bg_url=&#8221;https:\/\/prometbilisim.com\/_erp\/wp-content\/uploads\/2022\/08\/Promet-ERP-BG-Video.mp4&#8243; wrap_container=&#8221;yes&#8221; no_padding=&#8221;yes&#8221; text_align=&#8221;center&#8221; el_id=&#8221;intro&#8221; el_class=&#8221;curved-border background-color-primary justify-content-center&#8221; css=&#8221;.vc_custom_1662638952241{padding-top: 200px !important;padding-bottom: 100px !important;}&#8221;][vc_column width=&#8221;7\/12&#8243; el_class=&#8221;position-static&#8221;][\/vc_column][\/vc_row][vc_row wrap_container=&#8221;yes&#8221; css=&#8221;.vc_custom_1662639010499{margin-top: 120px !important;padding-right: 120px !important;padding-bottom: 40px !important;padding-left: 120px !important;}&#8221;][vc_column][vc_custom_heading text=&#8221;Bayi Ba\u015fvuru Formu&#8221; font_container=&#8221;tag:h2|font_size:35|text_align:center|color:%23666666|line_height:44px&#8221; use_theme_fonts=&#8221;yes&#8221; font_weight=&#8221;700&#8243; animation_delay=&#8221;200&#8243; el_class=&#8221;mb-3&#8243; animation_type=&#8221;fadeInUp&#8221;][\/vc_column][\/vc_row]<\/p>\n","protected":false},"author":1,"featured_media":0,"parent":0,"menu_order":0,"comment_status":"closed","ping_status":"closed","template":"","meta":{"inline_featured_image":false,"footnotes":""},"class_list":["post-337","page","type-page","status-publish","hentry"],"_links":{"self":[{"href":"https:\/\/prometbilisim.com\/_erp\/wp-json\/wp\/v2\/pages\/337","targetHints":{"allow":["GET"]}}],"collection":[{"href":"https:\/\/prometbilisim.com\/_erp\/wp-json\/wp\/v2\/pages"}],"about":[{"href":"https:\/\/prometbilisim.com\/_erp\/wp-json\/wp\/v2\/types\/page"}],"author":[{"embeddable":true,"href":"https:\/\/prometbilisim.com\/_erp\/wp-json\/wp\/v2\/users\/1"}],"replies":[{"embeddable":true,"href":"https:\/\/prometbilisim.com\/_erp\/wp-json\/wp\/v2\/comments?post=337"}],"version-history":[{"count":9,"href":"https:\/\/prometbilisim.com\/_erp\/wp-json\/wp\/v2\/pages\/337\/revisions"}],"predecessor-version":[{"id":538,"href":"https:\/\/prometbilisim.com\/_erp\/wp-json\/wp\/v2\/pages\/337\/revisions\/538"}],"wp:attachment":[{"href":"https:\/\/prometbilisim.com\/_erp\/wp-json\/wp\/v2\/media?parent=337"}],"curies":[{"name":"wp","href":"https:\/\/api.w.org\/{rel}","templated":true}]}}